{"id":104,"date":"2023-04-28T09:08:57","date_gmt":"2023-04-28T09:08:57","guid":{"rendered":"https:\/\/frankpergande.de\/?page_id=104"},"modified":"2024-07-01T15:19:33","modified_gmt":"2024-07-01T15:19:33","slug":"blog-elvis-und-wie-er-die-welt-sieht","status":"publish","type":"page","link":"https:\/\/frankpergande.de\/index.php\/blog-elvis-und-wie-er-die-welt-sieht\/","title":{"rendered":"Elvis und wie er die Welt sieht"},"content":{"rendered":"<p><a href=\"https:\/\/frankpergande.de\/wp-content\/uploads\/2023\/04\/Gerede2-rotated.jpg\"><img loading=\"lazy\" decoding=\"async\" class=\" wp-image-157 alignright\" src=\"https:\/\/frankpergande.de\/wp-content\/uploads\/2023\/04\/Gerede2-225x300.jpg\" alt=\"\" width=\"176\" height=\"235\" srcset=\"https:\/\/frankpergande.de\/wp-content\/uploads\/2023\/04\/Gerede2-225x300.jpg 225w, https:\/\/frankpergande.de\/wp-content\/uploads\/2023\/04\/Gerede2-769x1024.jpg 769w, https:\/\/frankpergande.de\/wp-content\/uploads\/2023\/04\/Gerede2-768x1022.jpg 768w, https:\/\/frankpergande.de\/wp-content\/uploads\/2023\/04\/Gerede2-1154x1536.jpg 1154w, https:\/\/frankpergande.de\/wp-content\/uploads\/2023\/04\/Gerede2-rotated.jpg 1160w\" sizes=\"auto, (max-width: 176px) 100vw, 176px\" \/><\/a>Sich einen Hund anzuschaffen war nicht meine Idee. Aber ich fand sie auch nicht abwegig und wurde, als es einmal beschlossen war, schon bei meinem ersten Besuch im Tierheim 2021 f\u00fcndig. Elvis trat in mein Leben. Nach den ersten Wochen unseres Zusammenlebens begann ich einen Blog, um mir all die Probleme im Umgang mit dem zun\u00e4chst sehr anstrengenden Hund von der Seele zu schreiben. Die Idee dabei: Nicht ich schreibe \u00fcber den Hund, sondern er \u00fcber mich und \u00fcberhaupt seine Existenz und was er dar\u00fcber denkt.<\/p>\n<p>Das sch\u00f6nste Kompliment gab es, als mir jemand einmal sagte, wenn man den Hund ansehe, glaube man, er denke und f\u00fchle tats\u00e4chlich so, wie es im Blog stehe.<\/p>\n<p>L\u00e4ngst ist mein Zusammenleben mit dem Hund so wunderbar, dass ich es nicht mehr missen m\u00f6chte. Wer hat sich mehr ge\u00e4ndert: der Hund oder ich? Beim Blog ist es geblieben. Jeden Freitag gibt es einen neuen <a href=\"https:\/\/elviswelt.blogspot.com\/\">Eintrag<\/a>.<\/p>\n","protected":false},"excerpt":{"rendered":"<p>Sich einen Hund anzuschaffen war nicht meine Idee. Aber ich fand sie auch nicht abwegig und wurde, als es einmal beschlossen war, schon bei meinem ersten Besuch im Tierheim 2021 f\u00fcndig. Elvis trat in mein Leben. Nach den ersten Wochen unseres Zusammenlebens begann ich einen Blog, um mir all die Probleme im Umgang mit dem<\/p>\n<p class=\"more-link\"><a href=\"https:\/\/frankpergande.de\/index.php\/blog-elvis-und-wie-er-die-welt-sieht\/\" class=\"themebutton\">Read More<\/a><\/p>\n","protected":false},"author":1,"featured_media":0,"parent":0,"menu_order":0,"comment_status":"closed","ping_status":"closed","template":"","meta":{"footnotes":""},"class_list":["post-104","page","type-page","status-publish","hentry"],"_links":{"self":[{"href":"https:\/\/frankpergande.de\/index.php\/wp-json\/wp\/v2\/pages\/104","targetHints":{"allow":["GET"]}}],"collection":[{"href":"https:\/\/frankpergande.de\/index.php\/wp-json\/wp\/v2\/pages"}],"about":[{"href":"https:\/\/frankpergande.de\/index.php\/wp-json\/wp\/v2\/types\/page"}],"author":[{"embeddable":true,"href":"https:\/\/frankpergande.de\/index.php\/wp-json\/wp\/v2\/users\/1"}],"replies":[{"embeddable":true,"href":"https:\/\/frankpergande.de\/index.php\/wp-json\/wp\/v2\/comments?post=104"}],"version-history":[{"count":13,"href":"https:\/\/frankpergande.de\/index.php\/wp-json\/wp\/v2\/pages\/104\/revisions"}],"predecessor-version":[{"id":362,"href":"https:\/\/frankpergande.de\/index.php\/wp-json\/wp\/v2\/pages\/104\/revisions\/362"}],"wp:attachment":[{"href":"https:\/\/frankpergande.de\/index.php\/wp-json\/wp\/v2\/media?parent=104"}],"curies":[{"name":"wp","href":"https:\/\/api.w.org\/{rel}","templated":true}]}}