{"id":108,"date":"2023-04-28T09:21:28","date_gmt":"2023-04-28T09:21:28","guid":{"rendered":"https:\/\/frankpergande.de\/?page_id=108"},"modified":"2026-03-16T13:12:21","modified_gmt":"2026-03-16T13:12:21","slug":"projekte-im-selbstverlag","status":"publish","type":"page","link":"https:\/\/frankpergande.de\/index.php\/projekte-im-selbstverlag\/","title":{"rendered":"Romane"},"content":{"rendered":"<p><a href=\"https:\/\/frankpergande.de\/wp-content\/uploads\/2026\/02\/Cover_Pergande-Hofdame-der-Koenigin-Luise.jpg\"><img loading=\"lazy\" decoding=\"async\" class=\"size-medium wp-image-614 alignright\" src=\"https:\/\/frankpergande.de\/wp-content\/uploads\/2026\/02\/Cover_Pergande-Hofdame-der-Koenigin-Luise-182x300.jpg\" alt=\"\" width=\"182\" height=\"300\" srcset=\"https:\/\/frankpergande.de\/wp-content\/uploads\/2026\/02\/Cover_Pergande-Hofdame-der-Koenigin-Luise-182x300.jpg 182w, https:\/\/frankpergande.de\/wp-content\/uploads\/2026\/02\/Cover_Pergande-Hofdame-der-Koenigin-Luise-622x1024.jpg 622w, https:\/\/frankpergande.de\/wp-content\/uploads\/2026\/02\/Cover_Pergande-Hofdame-der-Koenigin-Luise.jpg 736w\" sizes=\"auto, (max-width: 182px) 100vw, 182px\" \/><\/a>Zum 250. Geburtstag der K\u00f6nigin Luise erschien 2026 mein Roman \u201e<a href=\"https:\/\/www.hinstorff.de\/Die-Hofdame-der-Koenigin-Luise\/2574\">Die Hofdame der K\u00f6nigin Luise<\/a>\u201c im Rostocker Hinstorff-Verlag. Die romantische Geschichte, die ich da erz\u00e4hle, entf\u00fchrt in das Mecklenburg-Strelitz zu Anfang des 19. Jahrhunderts. Sie spielt au\u00dfer in Hohenzieritz auch in Neustrelitz und Prillwitz, im uckerm\u00e4rkischen Sch\u00f6nhausen sowie in Berlin. In R\u00fcckblenden wird immer wieder an die K\u00f6nigin erinnert. Es gibt au\u00dferdem Sex im Park von Hohenzieritz, eine Wolfsjagd im Rosenholz, P\u00fcckler-Eis am Berliner Gendarmenmarkt und ein Erweckungserlebnis im \u00e4gyptischen Saal des Schlosses von <a href=\"https:\/\/www.mv-schloesser.de\/de\/willkommen-auf-schloss-hohenzieritz\/\">Hohenzieritz<\/a>.\u00a0Luise, Ehefrau von Friedrich Wilhelm III., war die mit Abstand popul\u00e4rste preu\u00dfische K\u00f6nigin. Geboren wurde sie als Prinzessin von Mecklenburg-Strelitz, allerdings nicht in ihrer famili\u00e4ren Heimat, sondern in Hannover. Sie starb 1810 in Hohenzieritz. Eine Gedenkst\u00e4tte erinnert dort daran.<\/p>\n<p>&nbsp;<\/p>\n<p><a href=\"https:\/\/frankpergande.de\/wp-content\/uploads\/2024\/04\/Sommerliebe-Cover.jpg\"><img loading=\"lazy\" decoding=\"async\" class=\"size-medium wp-image-327 alignright\" src=\"https:\/\/frankpergande.de\/wp-content\/uploads\/2024\/04\/Sommerliebe-Cover-178x300.jpg\" alt=\"\" width=\"178\" height=\"300\" srcset=\"https:\/\/frankpergande.de\/wp-content\/uploads\/2024\/04\/Sommerliebe-Cover-178x300.jpg 178w, https:\/\/frankpergande.de\/wp-content\/uploads\/2024\/04\/Sommerliebe-Cover-607x1024.jpg 607w, https:\/\/frankpergande.de\/wp-content\/uploads\/2024\/04\/Sommerliebe-Cover-768x1296.jpg 768w, https:\/\/frankpergande.de\/wp-content\/uploads\/2024\/04\/Sommerliebe-Cover-910x1536.jpg 910w, https:\/\/frankpergande.de\/wp-content\/uploads\/2024\/04\/Sommerliebe-Cover.jpg 1096w\" sizes=\"auto, (max-width: 178px) 100vw, 178px\" \/><\/a>Hans Kaspar Graf von Bothmer und Georg Friedrich H\u00e4ndel sind die Haupthelden in meinem Roman <a href=\"https:\/\/www.hinstorff.de\/Sommerliebe-auf-Schloss-Bothmer\/SW2508\">\u201eSommerliebe auf Schloss Bothmer\u201c<\/a>. Bothmer, der in London lebende einflussreiche Leiter der Deutschen Kanzlei, hat den nach seinen Pl\u00e4nen errichteten Familiensitz in Kl\u00fctz, Schloss Bothmer, nie gesehen. Wirklich nicht? In meinem Roman kommt er 1730 f\u00fcr einen ganzen Sommer in den Kl\u00fctzer Winkel, begleitet von dem Musiker und Komponisten H\u00e4ndel.<\/p>\n<p>Bothmer und H\u00e4ndel verleben gl\u00fcckliche Tage an der See. Auch wenn es hier l\u00e4ngst nicht so vornehm zugeht wie in London, vermissen sie nichts, nicht einmal ihre verloren gegangene Kutsche. Nachgeschickte Post lassen sie unge\u00f6ffnet liegen, lieber reiten sie die K\u00fcste entlang. Bothmer verliebt sich noch dazu bis \u00fcber beide Ohren, ausgerechnet in die Ehefrau seines Neffen und Erben. H\u00e4ndel spielt im sonnt\u00e4glichen Gottesdienst die Orgel der Kl\u00fctzer Marienkirche, und im Pfarrhaus erklingt zum ersten Mal jenes \u201eHalleluja\u201c, das sp\u00e4ter H\u00e4ndels \u201eMessias\u201c so ergreifend machen sollte. Zum Finale dieser phantastischen Geschichte gibt ein Baustellenkonzert im fast vollendeten Schloss dem Kl\u00fctzer Damenchor Gelegenheit zum gro\u00dfen, von H\u00e4ndel dirigierten Auftritt &#8211; und den Hinweis, dass ich die Geschichte gern in einem zweiten Band fortspinnen w\u00fcrde.<\/p>\n<p>\u201eSommerliebe\u201c ist Auftakt f\u00fcr eine neue Reihe im Hinstorff-Verlag mit Liebesromanen, die in MV spielen, zusammen mit Sandra Andr\u00e9s Roman \u201eWellen der Liebe. Zwei Leben auf Usedom\u201c.<\/p>\n<p>&nbsp;<\/p>\n<p><a href=\"https:\/\/frankpergande.de\/wp-content\/uploads\/2023\/04\/Lenthe-Cover_small.jpg\"><img loading=\"lazy\" decoding=\"async\" class=\"alignright wp-image-75 size-medium\" src=\"https:\/\/frankpergande.de\/wp-content\/uploads\/2023\/04\/Lenthe-Cover_small-192x300.jpg\" alt=\"\" width=\"192\" height=\"300\" srcset=\"https:\/\/frankpergande.de\/wp-content\/uploads\/2023\/04\/Lenthe-Cover_small-192x300.jpg 192w, https:\/\/frankpergande.de\/wp-content\/uploads\/2023\/04\/Lenthe-Cover_small-655x1024.jpg 655w, https:\/\/frankpergande.de\/wp-content\/uploads\/2023\/04\/Lenthe-Cover_small.jpg 748w\" sizes=\"auto, (max-width: 192px) 100vw, 192px\" \/><\/a>In dem Roman \u201eDas Lenthe-Spiel\u201c geht es um eine Wette. Drei in Schwerin lebende Freunde, ein Dichter, ein Wirtschaftsprofessor und ein leitender Angestellter der Sparkasse, stellen sich die Frage, ob der einstige Hofmaler von Mecklenburg-Schwerin Gaston Lenthe heute wieder popul\u00e4r gemacht werden kann. Lenthe wirkte im 19. Jahrhundert, viele seiner Gem\u00e4lde sind heute noch zu sehen, vor allem Altarbilder in den Kirchen zwischen Schwerin und R\u00f6bel.<\/p>\n<p>Was im Rausch eines weinseligen Abends beginnt, endet in einem turbulenten Geschehen, in dem eine unzufriedene Kunsthistorikerin, eine m\u00e4nnertolle Malerin, ein kunstsammelnder Gro\u00dfindustrieller aus Nordrhein-Westfalen, ein blondes Gift auf dem Weg nach Kreta, ein seltsamer Kunstkritiker, ein frustrierter Lokalredakteur mit Silberblick und viele andere vorkommen. Die Pointe der verr\u00fcckten Geschichte gleicht einem Luftballon, in den jemand eine Nadel sticht.<\/p>\n<p>\u201eDas Lenthe-Spiel\u201c erschien auf der Plattform\u00a0<u><a href=\"http:\/\/www.tredition.de\/\" target=\"_top\" rel=\"noopener\">www.tredition.de<\/a><\/u>\u00a0als Taschenbuch, hat 294 Seiten und kostet 14 Euro. Es gibt den Roman bei tredition auch als eBook.<\/p>\n","protected":false},"excerpt":{"rendered":"<p>Zum 250. Geburtstag der K\u00f6nigin Luise erschien 2026 mein Roman \u201eDie Hofdame der K\u00f6nigin Luise\u201c im Rostocker Hinstorff-Verlag. Die romantische Geschichte, die ich da erz\u00e4hle, entf\u00fchrt in das Mecklenburg-Strelitz zu Anfang des 19. Jahrhunderts. Sie spielt au\u00dfer in Hohenzieritz auch in Neustrelitz und Prillwitz, im uckerm\u00e4rkischen Sch\u00f6nhausen sowie in Berlin. In R\u00fcckblenden wird immer wieder<\/p>\n<p class=\"more-link\"><a href=\"https:\/\/frankpergande.de\/index.php\/projekte-im-selbstverlag\/\" class=\"themebutton\">Read More<\/a><\/p>\n","protected":false},"author":1,"featured_media":0,"parent":0,"menu_order":0,"comment_status":"closed","ping_status":"closed","template":"","meta":{"footnotes":""},"class_list":["post-108","page","type-page","status-publish","hentry"],"_links":{"self":[{"href":"https:\/\/frankpergande.de\/index.php\/wp-json\/wp\/v2\/pages\/108","targetHints":{"allow":["GET"]}}],"collection":[{"href":"https:\/\/frankpergande.de\/index.php\/wp-json\/wp\/v2\/pages"}],"about":[{"href":"https:\/\/frankpergande.de\/index.php\/wp-json\/wp\/v2\/types\/page"}],"author":[{"embeddable":true,"href":"https:\/\/frankpergande.de\/index.php\/wp-json\/wp\/v2\/users\/1"}],"replies":[{"embeddable":true,"href":"https:\/\/frankpergande.de\/index.php\/wp-json\/wp\/v2\/comments?post=108"}],"version-history":[{"count":9,"href":"https:\/\/frankpergande.de\/index.php\/wp-json\/wp\/v2\/pages\/108\/revisions"}],"predecessor-version":[{"id":634,"href":"https:\/\/frankpergande.de\/index.php\/wp-json\/wp\/v2\/pages\/108\/revisions\/634"}],"wp:attachment":[{"href":"https:\/\/frankpergande.de\/index.php\/wp-json\/wp\/v2\/media?parent=108"}],"curies":[{"name":"wp","href":"https:\/\/api.w.org\/{rel}","templated":true}]}}