{"id":118,"date":"2023-04-28T16:57:27","date_gmt":"2023-04-28T16:57:27","guid":{"rendered":"https:\/\/frankpergande.de\/?page_id=118"},"modified":"2024-04-23T16:46:16","modified_gmt":"2024-04-23T16:46:16","slug":"kriminalromane","status":"publish","type":"page","link":"https:\/\/frankpergande.de\/index.php\/kriminalromane\/","title":{"rendered":"Kriminalromane"},"content":{"rendered":"<p>Als 2014 nach jahrelanger Restaurierung durch das Land Mecklenburg-Vorpommern das Schloss Mirow f\u00fcr Besucher er\u00f6ffnet wurde und ich dort meine ersten F\u00fchrungen machte, befiel mich die Idee, hier einen Krimi spielen zu lassen. Daraus wurde <a href=\"https:\/\/www.hinstorff.de\/Die-Inselkraehe-von-Mirow\/sw492M.1\">\u201eDie Inselkr\u00e4he von Mirow\u201c<\/a>, erschienen im Rostocker Hinstorff-Verlag.<\/p>\n<p><u><a href=\"https:\/\/frankpergande.de\/wp-content\/uploads\/2023\/04\/Die_Inselkraehe_von_Mirow_01871.png\"><img loading=\"lazy\" decoding=\"async\" class=\" wp-image-159 aligncenter\" src=\"https:\/\/frankpergande.de\/wp-content\/uploads\/2023\/04\/Die_Inselkraehe_von_Mirow_01871-195x300.png\" alt=\"\" width=\"182\" height=\"280\" srcset=\"https:\/\/frankpergande.de\/wp-content\/uploads\/2023\/04\/Die_Inselkraehe_von_Mirow_01871-195x300.png 195w, https:\/\/frankpergande.de\/wp-content\/uploads\/2023\/04\/Die_Inselkraehe_von_Mirow_01871.png 250w\" sizes=\"auto, (max-width: 182px) 100vw, 182px\" \/><\/a><\/u><\/p>\n<p>Naheliegend war dann der Gedanke, auch auf Schloss Bothmer nach dessen umfassender Wiederherstellung einen Krimi spielen zu lassen. Wiederum bei Hinstorff erschien 2022 <a href=\"https:\/\/www.hinstorff.de\/Blutspur-am-Schloss-Bothmer\/sw2428.2\">\u201eBlutspur am Schloss Bothmer\u201c<\/a>, erz\u00e4hlt nach einer wahren Begebenheit.<\/p>\n<p><a href=\"https:\/\/frankpergande.de\/wp-content\/uploads\/2023\/04\/Bothmer-Krimi.jpg\"><img loading=\"lazy\" decoding=\"async\" class=\" wp-image-158 aligncenter\" src=\"https:\/\/frankpergande.de\/wp-content\/uploads\/2023\/04\/Bothmer-Krimi-188x300.jpg\" alt=\"\" width=\"182\" height=\"290\" srcset=\"https:\/\/frankpergande.de\/wp-content\/uploads\/2023\/04\/Bothmer-Krimi-188x300.jpg 188w, https:\/\/frankpergande.de\/wp-content\/uploads\/2023\/04\/Bothmer-Krimi-643x1024.jpg 643w, https:\/\/frankpergande.de\/wp-content\/uploads\/2023\/04\/Bothmer-Krimi-768x1223.jpg 768w, https:\/\/frankpergande.de\/wp-content\/uploads\/2023\/04\/Bothmer-Krimi-965x1536.jpg 965w, https:\/\/frankpergande.de\/wp-content\/uploads\/2023\/04\/Bothmer-Krimi-1287x2048.jpg 1287w, https:\/\/frankpergande.de\/wp-content\/uploads\/2023\/04\/Bothmer-Krimi.jpg 1350w\" sizes=\"auto, (max-width: 182px) 100vw, 182px\" \/><\/a><\/p>\n<p>Der Tod des letzten Gro\u00dfherzogs von Mecklenburg-Strelitz Adolf Friedrich VI. steht im Mittelpunkt meines ersten Kriminalromans, erschienen im Schweriner Thomas Helms Verlag unter dem Titel <a href=\"https:\/\/thv.de\/programm\/buch\/mitten-ins-herz\">\u201eMitten ins Herz\u201c<\/a>.<\/p>\n<p><a href=\"https:\/\/frankpergande.de\/wp-content\/uploads\/2023\/04\/mitten_ins_herz.jpg.webp\"><img loading=\"lazy\" decoding=\"async\" class=\"wp-image-169 aligncenter\" src=\"https:\/\/frankpergande.de\/wp-content\/uploads\/2023\/04\/mitten_ins_herz.jpg-204x300.webp\" alt=\"\" width=\"182\" height=\"268\" srcset=\"https:\/\/frankpergande.de\/wp-content\/uploads\/2023\/04\/mitten_ins_herz.jpg-204x300.webp 204w, https:\/\/frankpergande.de\/wp-content\/uploads\/2023\/04\/mitten_ins_herz.jpg.webp 440w\" sizes=\"auto, (max-width: 182px) 100vw, 182px\" \/><\/a><\/p>\n<p>Eine Geschichte \u00fcber die Prillwitzer Idole, einen der merkw\u00fcrdigsten F\u00e4lscherskandale, die es in Deutschland gab, erz\u00e4hlt mein Krimi <a href=\"https:\/\/thv.de\/programm\/buch\/der-fluch-der-ente\">\u201eDer Fluch der Ente\u201c<\/a>.<\/p>\n<p><a href=\"https:\/\/frankpergande.de\/wp-content\/uploads\/2023\/04\/9783940207586_0.jpg.webp\"><img loading=\"lazy\" decoding=\"async\" class=\" wp-image-168 aligncenter\" src=\"https:\/\/frankpergande.de\/wp-content\/uploads\/2023\/04\/9783940207586_0.jpg-209x300.webp\" alt=\"\" width=\"182\" height=\"261\" srcset=\"https:\/\/frankpergande.de\/wp-content\/uploads\/2023\/04\/9783940207586_0.jpg-209x300.webp 209w, https:\/\/frankpergande.de\/wp-content\/uploads\/2023\/04\/9783940207586_0.jpg.webp 242w\" sizes=\"auto, (max-width: 182px) 100vw, 182px\" \/><\/a><\/p>\n<p>&nbsp;<\/p>\n","protected":false},"excerpt":{"rendered":"<p>Als 2014 nach jahrelanger Restaurierung durch das Land Mecklenburg-Vorpommern das Schloss Mirow f\u00fcr Besucher er\u00f6ffnet wurde und ich dort meine ersten F\u00fchrungen machte, befiel mich die Idee, hier einen Krimi spielen zu lassen. Daraus wurde \u201eDie Inselkr\u00e4he von Mirow\u201c, erschienen im Rostocker Hinstorff-Verlag. Naheliegend war dann der Gedanke, auch auf Schloss Bothmer nach dessen umfassender<\/p>\n<p class=\"more-link\"><a href=\"https:\/\/frankpergande.de\/index.php\/kriminalromane\/\" class=\"themebutton\">Read More<\/a><\/p>\n","protected":false},"author":1,"featured_media":0,"parent":0,"menu_order":0,"comment_status":"closed","ping_status":"closed","template":"","meta":{"footnotes":""},"class_list":["post-118","page","type-page","status-publish","hentry"],"_links":{"self":[{"href":"https:\/\/frankpergande.de\/index.php\/wp-json\/wp\/v2\/pages\/118","targetHints":{"allow":["GET"]}}],"collection":[{"href":"https:\/\/frankpergande.de\/index.php\/wp-json\/wp\/v2\/pages"}],"about":[{"href":"https:\/\/frankpergande.de\/index.php\/wp-json\/wp\/v2\/types\/page"}],"author":[{"embeddable":true,"href":"https:\/\/frankpergande.de\/index.php\/wp-json\/wp\/v2\/users\/1"}],"replies":[{"embeddable":true,"href":"https:\/\/frankpergande.de\/index.php\/wp-json\/wp\/v2\/comments?post=118"}],"version-history":[{"count":7,"href":"https:\/\/frankpergande.de\/index.php\/wp-json\/wp\/v2\/pages\/118\/revisions"}],"predecessor-version":[{"id":324,"href":"https:\/\/frankpergande.de\/index.php\/wp-json\/wp\/v2\/pages\/118\/revisions\/324"}],"wp:attachment":[{"href":"https:\/\/frankpergande.de\/index.php\/wp-json\/wp\/v2\/media?parent=118"}],"curies":[{"name":"wp","href":"https:\/\/api.w.org\/{rel}","templated":true}]}}