{"id":14,"date":"2023-03-09T15:28:49","date_gmt":"2023-03-09T15:28:49","guid":{"rendered":"https:\/\/frankpergande.de\/?page_id=14"},"modified":"2026-04-18T19:43:59","modified_gmt":"2026-04-18T19:43:59","slug":"willkommen","status":"publish","type":"page","link":"https:\/\/frankpergande.de\/","title":{"rendered":"Willkommen"},"content":{"rendered":"<h2>Wer bin ich?<\/h2>\n<p><img loading=\"lazy\" decoding=\"async\" class=\" wp-image-47 alignright\" src=\"https:\/\/frankpergande.de\/wp-content\/uploads\/2023\/03\/frank-pergande-300x245.jpg\" alt=\"\" width=\"227\" height=\"185\" srcset=\"https:\/\/frankpergande.de\/wp-content\/uploads\/2023\/03\/frank-pergande-300x245.jpg 300w, https:\/\/frankpergande.de\/wp-content\/uploads\/2023\/03\/frank-pergande-768x627.jpg 768w, https:\/\/frankpergande.de\/wp-content\/uploads\/2023\/03\/frank-pergande.jpg 800w\" sizes=\"auto, (max-width: 227px) 100vw, 227px\" \/><\/p>\n<p>Ich bin Frank Pergande, Jahrgang 1958. Ich habe in der DDR-Zeit in Leipzig Journalistik studiert und als Lokalredakteur in Greifswald, sp\u00e4ter in Marburg gearbeitet. 1998 kam ich als Politikredakteur zur Frankfurter Allgemeinen Zeitung.<br \/>\nJetzt im Ruhestand bin ich nicht mehr mit Politik und Journalismus besch\u00e4ftigt wie in den zwei Jahrzehnten bei der FAZ, sondern gehe meinen literarischen Neigungen nach.<\/p>\n<p>Au\u00dferdem f\u00fchre ich gelegentlich durch das <a href=\"https:\/\/www.nordkurier.de\/regional\/neustrelitz\/schloss-mirow-war-immer-schon-feministisch-2348777\">Schloss Mirow<\/a> in Mecklenburg-Strelitz und die Luisen-Gedenkst\u00e4tte in Hohenzieritz. Gern lasse ich mich einladen, aus meinen B\u00fcchern zu lesen, da ist dann immer was los.<\/p>\n<p>Ich bin befreundet mit dem Greifswalder Maler, Zeichner und Architekten Klaus Marsiske. Die Abbildungen auf diesen Seiten zeigen Ausschnitte aus einem gro\u00dfformatigen Gem\u00e4lde von ihm. Das Bild h\u00e4ngt in meinem Haus. Mit seiner freundlichen Genehmigung darf ich es f\u00fcr diesen Zweck hier verwenden.<\/p>\n<p>&nbsp;<\/p>\n<h2>Was gibt es Neues?<\/h2>\n<p><a href=\"https:\/\/frankpergande.de\/wp-content\/uploads\/2026\/02\/Cover_Pergande-Hofdame-der-Koenigin-Luise.jpg\"><img loading=\"lazy\" decoding=\"async\" class=\" wp-image-614 alignright\" src=\"https:\/\/frankpergande.de\/wp-content\/uploads\/2026\/02\/Cover_Pergande-Hofdame-der-Koenigin-Luise-182x300.jpg\" alt=\"\" width=\"180\" height=\"297\" srcset=\"https:\/\/frankpergande.de\/wp-content\/uploads\/2026\/02\/Cover_Pergande-Hofdame-der-Koenigin-Luise-182x300.jpg 182w, https:\/\/frankpergande.de\/wp-content\/uploads\/2026\/02\/Cover_Pergande-Hofdame-der-Koenigin-Luise-622x1024.jpg 622w, https:\/\/frankpergande.de\/wp-content\/uploads\/2026\/02\/Cover_Pergande-Hofdame-der-Koenigin-Luise.jpg 736w\" sizes=\"auto, (max-width: 180px) 100vw, 180px\" \/><\/a>Soeben ist mein neuer Roman <a href=\"https:\/\/www.hinstorff.de\/Die-Hofdame-der-Koenigin-Luise\/2598\">\u201eDie Hofdame der K\u00f6nigin Luise\u201c <\/a>im Rostocker Hinstorff-Verlag erschienen. Hier Besprechungen aus dem <a href=\"https:\/\/www.nordkurier.de\/regional\/neustrelitz\/luise-inspiriert-allerorten-sogar-zu-einem-liebesroman-4423687\">Nordkurier <\/a>von Susanne Schulz und von Andr\u00e9 Gross auf <a href=\"https:\/\/strelitzius.com\/2026\/04\/18\/vier-abende-mit-der-hofdame-von-koenigin-luise-frank-pergandes-neuer-historischer-liebesroman-fuehrt-nach-mecklenburg-strelitz-und-unterhaelt-wieder-trefflich\/\">Strelitzius<\/a>.<\/p>\n<p>Wieder ist es ein Liebesroman. Die Handlung setzt zwar erst nach dem Tod Luises ein, die von Hause aus eine Prinzessin aus dem Haus Mecklenburg-Strelitz war, aber f\u00fcr das Geschehen ist sie eine zentrale Figur. Es gibt Sex im Park von Hohenzieritz, eine Wolfsjagd im Rosenholz, P\u00fcckler-Eis am Berliner GeNordkrier warndarmenmarkt und ein Erweckungserlebnis im \u00e4gyptischen Saal des Schlosses von Hohenzieritz.<\/p>\n<p>Aus \u201eDie Hofdame der K\u00f6nigin Luise\u201c lese ich auf Einladung der Schl\u00f6sserverwaltung Mecklenburg-Vorpommern am Internationalen Museumstag im <a href=\"https:\/\/www.mv-schloesser.de\/de\/willkommen-auf-schloss-hohenzieritz\/\">Schloss Hohenzieritz<\/a>. Das ist Sonntag, 17. Mai. Beginn 15 Uhr, Eintritt frei.<\/p>\n<p>Am 3. Juni 2026, einem Mittwoch, lese ich um 19 Uhr im <a href=\"https:\/\/antiquariat-neustrelitz.de\/\">Speicher<\/a>, dem Antiquariat Neustrelitz, aus meinem im Hinstorff-Verlag erschienenen Kriminalroman \u201eBlutspur am Schloss Bothmer\u201c.<\/p>\n<p>&nbsp;<\/p>\n<p><a href=\"https:\/\/frankpergande.de\/wp-content\/uploads\/2024\/02\/Sommerliebe-rotated.jpg\"><img loading=\"lazy\" decoding=\"async\" class=\" wp-image-302 alignright\" src=\"https:\/\/frankpergande.de\/wp-content\/uploads\/2024\/02\/Sommerliebe-225x300.jpg\" alt=\"\" width=\"180\" height=\"240\" srcset=\"https:\/\/frankpergande.de\/wp-content\/uploads\/2024\/02\/Sommerliebe-225x300.jpg 225w, https:\/\/frankpergande.de\/wp-content\/uploads\/2024\/02\/Sommerliebe-768x1024.jpg 768w, https:\/\/frankpergande.de\/wp-content\/uploads\/2024\/02\/Sommerliebe-1152x1536.jpg 1152w, https:\/\/frankpergande.de\/wp-content\/uploads\/2024\/02\/Sommerliebe-rotated.jpg 1512w\" sizes=\"auto, (max-width: 180px) 100vw, 180px\" \/><\/a>Auch mein Roman <a href=\"https:\/\/www.hinstorff.de\/Sommerliebe-auf-Schloss-Bothmer\/SW2508\">\u201eSommerliebe auf Schloss Bothmer\u201c<\/a> erschien im Rostocker Hinstorff-Verlag. In dem Roman wird tats\u00e4chlich viel geliebt, vor allem aber feiert der Roman die Liebe zu Mecklenburg, der ich ja auch verfallen bin. Vielleicht deshalb konnte ich mit dem Erz\u00e4hlen einfach nicht aufh\u00f6ren, ein zweiter Band ist so gut wie abgeschlossen. Die ganze Geschichte bietet ein gro\u00dfes Panorama mit viel Personal im Kl\u00fctzer Winkel, viel Augenzwinkern, Witz und literarische Anspielungen. Die Hauptfiguren aber sind Hans Kaspar Graf von Bothmer und Georg Friedrich H\u00e4ndel.\u00a0Andr\u00e9 Gross schrieb dar\u00fcber in seinem <a href=\"https:\/\/strelitzius.com\/\">Strelitzius-Blog<\/a>: \u201eEs war mein erster Pergande, und ich war 350 Seiten lang sehr angenehm \u00fcberrascht. Musste mich wei\u00df Gott nicht qu\u00e4len, mehr noch: Dem Mirower, der mit zwei Krimis erfolgreich deb\u00fctierte, ist auch im neuen Genre ein richtig gutes, lebendiges Buch gelungen.\u201c<\/p>\n<p>2023 erschien mein kleiner satirischer Roman \u201eDas Lenthe-Spiel\u201c. Darin geht es um den Schweriner Hofmaler Gaston Lenthe (1805-1860). Das Taschenbuch kann \u00fcber die Internetplattform <a href=\"http:\/\/www.tredition.de\">www.tredition.de<\/a> bestellt werden, 294 Seiten, 14 Euro.\u00a0Susanne Schulz sagte im in Neubrandenburg erscheinenden Nordkurier \u00fcber den Roman: \u201eEin H\u00e4ndchen hat der Autor f\u00fcr bildhafte Milieubeschreibungen, vor allem f\u00fcr die Unzul\u00e4nglichkeiten von Orten und Akteuren.\u201c (Ausgabe vom 4. September 2023). Die <a href=\"https:\/\/www.svz.de\/deutschland-welt\/mecklenburg-vorpommern\/artikel\/gaston-lenthe-ein-vergessener-maler-den-man-noch-treffen-kann-45101675\">Schweriner Volkszeitung<\/a> berichtete am 13. Juli 2023. Holger Kankel sprach von einem vergn\u00fcglichen Roman.<\/p>\n<p>&nbsp;<\/p>\n<p>&nbsp;<\/p>\n<p>&nbsp;<\/p>\n<p>&nbsp;<\/p>\n<p>&nbsp;<\/p>\n<p>&nbsp;<\/p>\n<p>&nbsp;<\/p>\n<p>&nbsp;<\/p>\n","protected":false},"excerpt":{"rendered":"<p>Wer bin ich? Ich bin Frank Pergande, Jahrgang 1958. Ich habe in der DDR-Zeit in Leipzig Journalistik studiert und als Lokalredakteur in Greifswald, sp\u00e4ter in Marburg gearbeitet. 1998 kam ich als Politikredakteur zur Frankfurter Allgemeinen Zeitung. Jetzt im Ruhestand bin ich nicht mehr mit Politik und Journalismus besch\u00e4ftigt wie in den zwei Jahrzehnten bei der<\/p>\n<p class=\"more-link\"><a href=\"https:\/\/frankpergande.de\/\" class=\"themebutton\">Read More<\/a><\/p>\n","protected":false},"author":1,"featured_media":0,"parent":0,"menu_order":0,"comment_status":"closed","ping_status":"closed","template":"","meta":{"footnotes":""},"class_list":["post-14","page","type-page","status-publish","hentry"],"_links":{"self":[{"href":"https:\/\/frankpergande.de\/index.php\/wp-json\/wp\/v2\/pages\/14","targetHints":{"allow":["GET"]}}],"collection":[{"href":"https:\/\/frankpergande.de\/index.php\/wp-json\/wp\/v2\/pages"}],"about":[{"href":"https:\/\/frankpergande.de\/index.php\/wp-json\/wp\/v2\/types\/page"}],"author":[{"embeddable":true,"href":"https:\/\/frankpergande.de\/index.php\/wp-json\/wp\/v2\/users\/1"}],"replies":[{"embeddable":true,"href":"https:\/\/frankpergande.de\/index.php\/wp-json\/wp\/v2\/comments?post=14"}],"version-history":[{"count":83,"href":"https:\/\/frankpergande.de\/index.php\/wp-json\/wp\/v2\/pages\/14\/revisions"}],"predecessor-version":[{"id":649,"href":"https:\/\/frankpergande.de\/index.php\/wp-json\/wp\/v2\/pages\/14\/revisions\/649"}],"wp:attachment":[{"href":"https:\/\/frankpergande.de\/index.php\/wp-json\/wp\/v2\/media?parent=14"}],"curies":[{"name":"wp","href":"https:\/\/api.w.org\/{rel}","templated":true}]}}