{"id":18,"date":"2023-03-10T14:01:26","date_gmt":"2023-03-10T14:01:26","guid":{"rendered":"https:\/\/frankpergande.de\/?page_id=18"},"modified":"2024-04-14T14:05:21","modified_gmt":"2024-04-14T14:05:21","slug":"schreiben","status":"publish","type":"page","link":"https:\/\/frankpergande.de\/index.php\/schreiben\/","title":{"rendered":"Schreiben"},"content":{"rendered":"<p>Ich schreibe Unterhaltungs- und Kriminalromane, die ich auf den Folgeseiten vorstelle. Au\u00dferdem sind hier der Blog \u00fcber meinen Hund \u201eElvis und wie er die Welt sieht\u201c (freilich nicht nur f\u00fcr Hundefreunde) und immer wieder mal ein neues Gedicht zu lesen.<\/p>\n<p>Was die Romane anbelangt, so halte ich es mit Johann Karl Wezel, der in seiner Vorrede zu \u201eHerrmann und Ulrike\u201c sagt: \u201eDer Roman ist eine Dichtungsart, die am meisten verachtet und am meisten gelesen wird, die viele Kenntnisse, lange Arbeit und angestrengte \u00dcbersicht eines weitl\u00e4ufigen Ganzen erfordert und doch selbst von den Kunstverwandten sich als die Besch\u00e4ftigung eines Menschen verschreien lassen muss, der nichts Besseres hervorbringen kann.\u201c<\/p>\n<p>Ich halte es auch mit Ludwig Tieck, zitiert nach Theodor Fontane: \u201eEinen dreib\u00e4ndigen Roman schreiben ist immer was, auch wenn er nichts taugt.\u201c<\/p>\n<p>&nbsp;<\/p>\n<p>&nbsp;<\/p>\n<p>&nbsp;<\/p>\n<p>&nbsp;<\/p>\n<p>&nbsp;<\/p>\n","protected":false},"excerpt":{"rendered":"<p>Ich schreibe Unterhaltungs- und Kriminalromane, die ich auf den Folgeseiten vorstelle. Au\u00dferdem sind hier der Blog \u00fcber meinen Hund \u201eElvis und wie er die Welt sieht\u201c (freilich nicht nur f\u00fcr Hundefreunde) und immer wieder mal ein neues Gedicht zu lesen. Was die Romane anbelangt, so halte ich es mit Johann Karl Wezel, der in seiner<\/p>\n<p class=\"more-link\"><a href=\"https:\/\/frankpergande.de\/index.php\/schreiben\/\" class=\"themebutton\">Read More<\/a><\/p>\n","protected":false},"author":1,"featured_media":0,"parent":0,"menu_order":0,"comment_status":"closed","ping_status":"closed","template":"","meta":{"footnotes":""},"class_list":["post-18","page","type-page","status-publish","hentry"],"_links":{"self":[{"href":"https:\/\/frankpergande.de\/index.php\/wp-json\/wp\/v2\/pages\/18","targetHints":{"allow":["GET"]}}],"collection":[{"href":"https:\/\/frankpergande.de\/index.php\/wp-json\/wp\/v2\/pages"}],"about":[{"href":"https:\/\/frankpergande.de\/index.php\/wp-json\/wp\/v2\/types\/page"}],"author":[{"embeddable":true,"href":"https:\/\/frankpergande.de\/index.php\/wp-json\/wp\/v2\/users\/1"}],"replies":[{"embeddable":true,"href":"https:\/\/frankpergande.de\/index.php\/wp-json\/wp\/v2\/comments?post=18"}],"version-history":[{"count":17,"href":"https:\/\/frankpergande.de\/index.php\/wp-json\/wp\/v2\/pages\/18\/revisions"}],"predecessor-version":[{"id":320,"href":"https:\/\/frankpergande.de\/index.php\/wp-json\/wp\/v2\/pages\/18\/revisions\/320"}],"wp:attachment":[{"href":"https:\/\/frankpergande.de\/index.php\/wp-json\/wp\/v2\/media?parent=18"}],"curies":[{"name":"wp","href":"https:\/\/api.w.org\/{rel}","templated":true}]}}