{"id":20,"date":"2023-03-10T14:02:51","date_gmt":"2023-03-10T14:02:51","guid":{"rendered":"https:\/\/frankpergande.de\/?page_id=20"},"modified":"2026-03-16T14:19:34","modified_gmt":"2026-03-16T14:19:34","slug":"spielen","status":"publish","type":"page","link":"https:\/\/frankpergande.de\/index.php\/spielen\/","title":{"rendered":"Spielen"},"content":{"rendered":"<p><a href=\"https:\/\/frankpergande.de\/wp-content\/uploads\/2025\/09\/Kellerbuehne.jpg\"><img loading=\"lazy\" decoding=\"async\" class=\"size-medium wp-image-551 alignright\" src=\"https:\/\/frankpergande.de\/wp-content\/uploads\/2025\/09\/Kellerbuehne-225x300.jpg\" alt=\"\" width=\"225\" height=\"300\" srcset=\"https:\/\/frankpergande.de\/wp-content\/uploads\/2025\/09\/Kellerbuehne-225x300.jpg 225w, https:\/\/frankpergande.de\/wp-content\/uploads\/2025\/09\/Kellerbuehne-768x1024.jpg 768w, https:\/\/frankpergande.de\/wp-content\/uploads\/2025\/09\/Kellerbuehne-1152x1536.jpg 1152w, https:\/\/frankpergande.de\/wp-content\/uploads\/2025\/09\/Kellerbuehne.jpg 1200w\" sizes=\"auto, (max-width: 225px) 100vw, 225px\" \/><\/a>Die j\u00fcngste Produktion der Kellerb\u00fchne FreiGespielt, der ich freundschaftlich verbunden bin, war 2026 das St\u00fcck \u201eEs f\u00e4hrt kein Zug nach Irgendwo\u201c, <a href=\"https:\/\/www.winnie-abel.de\/abendf%C3%BCllende-st%C3%BCcke\/es-f%C3%A4hrt-kein-zug-nach-irgendwo\/\">Winnie Abel<\/a> hat es geschrieben: Lauter verr\u00fcckte Zugfahrg\u00e4ste stranden wegen Zugpanne in einem heruntergekommenen Bahnhof. Der Bahnhof von D\u00fcsterf\u00f6rde hat die Theatergruppe dabei inspiriert. Sogar der NDR war <a href=\"https:\/\/www.ndr.de\/nachrichten\/mecklenburg-vorpommern\/haff-mueritz\/mirower-theatergruppe-vor-premiere-in-der-kellerbuehne,mvregioneubrandenburg-2134.html\">da<\/a>. Und dann kam die Truppe sogar noch ins <a href=\"https:\/\/videos.files.wordpress.com\/mv8tIIin\/whatsapp-video-2025-12-30-at-09.26.16.mp4\">Fernsehen<\/a>.<\/p>\n<p>Die Kellerb\u00fchne wurde 2002 gegr\u00fcndet. Der Name kommt vom ersten Spielort her, dem sogenannten Ritterkeller auf der Mirower Schlossinsel. Sp\u00e4ter war das Familienzentrum in Mirow (Mecklenburg-Strelitz) Auftrittsort, seit 2023 ist es die in ein Kulturzentrum umgewandelte Alte Feuerwache.<\/p>\n<p>2023 zeigte die Laienspielgruppe mit gro\u00dfem Erfolg die Kom\u00f6die von Hans Schimmel \u201eClub der Pantoffelhelden\u201c. Und ich war als Gast dabei. Ich spielte den Friedrich, einen der Pantoffelhelden. Es war die zehnte Produktion der B\u00fchne. Die erste war seinerzeit das St\u00fcck \u201eF\u00fcnf Ganoven und ihr Kommissar\u201c von Alexa Thiesmeyer.<\/p>\n<p>&nbsp;<\/p>\n<p>&nbsp;<\/p>\n<p>&nbsp;<\/p>\n","protected":false},"excerpt":{"rendered":"<p>Die j\u00fcngste Produktion der Kellerb\u00fchne FreiGespielt, der ich freundschaftlich verbunden bin, war 2026 das St\u00fcck \u201eEs f\u00e4hrt kein Zug nach Irgendwo\u201c, Winnie Abel hat es geschrieben: Lauter verr\u00fcckte Zugfahrg\u00e4ste stranden wegen Zugpanne in einem heruntergekommenen Bahnhof. Der Bahnhof von D\u00fcsterf\u00f6rde hat die Theatergruppe dabei inspiriert. Sogar der NDR war da. Und dann kam die Truppe<\/p>\n<p class=\"more-link\"><a href=\"https:\/\/frankpergande.de\/index.php\/spielen\/\" class=\"themebutton\">Read More<\/a><\/p>\n","protected":false},"author":1,"featured_media":0,"parent":0,"menu_order":0,"comment_status":"closed","ping_status":"closed","template":"","meta":{"footnotes":""},"class_list":["post-20","page","type-page","status-publish","hentry"],"_links":{"self":[{"href":"https:\/\/frankpergande.de\/index.php\/wp-json\/wp\/v2\/pages\/20","targetHints":{"allow":["GET"]}}],"collection":[{"href":"https:\/\/frankpergande.de\/index.php\/wp-json\/wp\/v2\/pages"}],"about":[{"href":"https:\/\/frankpergande.de\/index.php\/wp-json\/wp\/v2\/types\/page"}],"author":[{"embeddable":true,"href":"https:\/\/frankpergande.de\/index.php\/wp-json\/wp\/v2\/users\/1"}],"replies":[{"embeddable":true,"href":"https:\/\/frankpergande.de\/index.php\/wp-json\/wp\/v2\/comments?post=20"}],"version-history":[{"count":25,"href":"https:\/\/frankpergande.de\/index.php\/wp-json\/wp\/v2\/pages\/20\/revisions"}],"predecessor-version":[{"id":636,"href":"https:\/\/frankpergande.de\/index.php\/wp-json\/wp\/v2\/pages\/20\/revisions\/636"}],"wp:attachment":[{"href":"https:\/\/frankpergande.de\/index.php\/wp-json\/wp\/v2\/media?parent=20"}],"curies":[{"name":"wp","href":"https:\/\/api.w.org\/{rel}","templated":true}]}}