{"id":36,"date":"2023-03-10T14:13:48","date_gmt":"2023-03-10T14:13:48","guid":{"rendered":"https:\/\/frankpergande.de\/?page_id=36"},"modified":"2023-04-28T20:03:29","modified_gmt":"2023-04-28T20:03:29","slug":"facebook","status":"publish","type":"page","link":"https:\/\/frankpergande.de\/index.php\/facebook\/","title":{"rendered":"Facebook"},"content":{"rendered":"<p>Auf Facebook poste ich regelm\u00e4\u00dfig meinen Blog \u201eElvis und wie er die Welt sieht\u201c, unregelm\u00e4\u00dfig hingegen Texte und Fotos \u00fcber Dinge, die mein Interesse finden: <a href=\"https:\/\/www.facebook.com\/profile.php?id=100007795727724\">https:\/\/www.facebook.com\/profile.php?id=100007795727724<\/a><\/p>\n<p>&nbsp;<\/p>\n","protected":false},"excerpt":{"rendered":"<p>Auf Facebook poste ich regelm\u00e4\u00dfig meinen Blog \u201eElvis und wie er die Welt sieht\u201c, unregelm\u00e4\u00dfig hingegen Texte und Fotos \u00fcber Dinge, die mein Interesse finden: https:\/\/www.facebook.com\/profile.php?id=100007795727724 &nbsp;<\/p>\n","protected":false},"author":1,"featured_media":0,"parent":0,"menu_order":0,"comment_status":"closed","ping_status":"closed","template":"","meta":{"footnotes":""},"class_list":["post-36","page","type-page","status-publish","hentry"],"_links":{"self":[{"href":"https:\/\/frankpergande.de\/index.php\/wp-json\/wp\/v2\/pages\/36","targetHints":{"allow":["GET"]}}],"collection":[{"href":"https:\/\/frankpergande.de\/index.php\/wp-json\/wp\/v2\/pages"}],"about":[{"href":"https:\/\/frankpergande.de\/index.php\/wp-json\/wp\/v2\/types\/page"}],"author":[{"embeddable":true,"href":"https:\/\/frankpergande.de\/index.php\/wp-json\/wp\/v2\/users\/1"}],"replies":[{"embeddable":true,"href":"https:\/\/frankpergande.de\/index.php\/wp-json\/wp\/v2\/comments?post=36"}],"version-history":[{"count":4,"href":"https:\/\/frankpergande.de\/index.php\/wp-json\/wp\/v2\/pages\/36\/revisions"}],"predecessor-version":[{"id":144,"href":"https:\/\/frankpergande.de\/index.php\/wp-json\/wp\/v2\/pages\/36\/revisions\/144"}],"wp:attachment":[{"href":"https:\/\/frankpergande.de\/index.php\/wp-json\/wp\/v2\/media?parent=36"}],"curies":[{"name":"wp","href":"https:\/\/api.w.org\/{rel}","templated":true}]}}