{"id":38,"date":"2023-03-10T14:14:12","date_gmt":"2023-03-10T14:14:12","guid":{"rendered":"https:\/\/frankpergande.de\/?page_id=38"},"modified":"2023-04-28T20:14:00","modified_gmt":"2023-04-28T20:14:00","slug":"twitter","status":"publish","type":"page","link":"https:\/\/frankpergande.de\/index.php\/twitter\/","title":{"rendered":"Twitter"},"content":{"rendered":"<p>Twitter war in meiner aktiven Zeit als Journalist f\u00fcr mich ein wichtiges soziales Netzwerk. Auch jetzt noch bin ich gern auf Twitter unterwegs als <a href=\"https:\/\/twitter.com\/frankpergande\">@frankpergande<\/a>, ver\u00f6ffentliche dort meinen Elvis-Blog und beteilige mich hin und wieder an Debatten, die mich besch\u00e4ftigen.<\/p>\n","protected":false},"excerpt":{"rendered":"<p>Twitter war in meiner aktiven Zeit als Journalist f\u00fcr mich ein wichtiges soziales Netzwerk. Auch jetzt noch bin ich gern auf Twitter unterwegs als @frankpergande, ver\u00f6ffentliche dort meinen Elvis-Blog und beteilige mich hin und wieder an Debatten, die mich besch\u00e4ftigen.<\/p>\n","protected":false},"author":1,"featured_media":0,"parent":0,"menu_order":0,"comment_status":"closed","ping_status":"closed","template":"","meta":{"footnotes":""},"class_list":["post-38","page","type-page","status-publish","hentry"],"_links":{"self":[{"href":"https:\/\/frankpergande.de\/index.php\/wp-json\/wp\/v2\/pages\/38","targetHints":{"allow":["GET"]}}],"collection":[{"href":"https:\/\/frankpergande.de\/index.php\/wp-json\/wp\/v2\/pages"}],"about":[{"href":"https:\/\/frankpergande.de\/index.php\/wp-json\/wp\/v2\/types\/page"}],"author":[{"embeddable":true,"href":"https:\/\/frankpergande.de\/index.php\/wp-json\/wp\/v2\/users\/1"}],"replies":[{"embeddable":true,"href":"https:\/\/frankpergande.de\/index.php\/wp-json\/wp\/v2\/comments?post=38"}],"version-history":[{"count":4,"href":"https:\/\/frankpergande.de\/index.php\/wp-json\/wp\/v2\/pages\/38\/revisions"}],"predecessor-version":[{"id":147,"href":"https:\/\/frankpergande.de\/index.php\/wp-json\/wp\/v2\/pages\/38\/revisions\/147"}],"wp:attachment":[{"href":"https:\/\/frankpergande.de\/index.php\/wp-json\/wp\/v2\/media?parent=38"}],"curies":[{"name":"wp","href":"https:\/\/api.w.org\/{rel}","templated":true}]}}